{"id":941,"date":"2021-06-21T11:24:39","date_gmt":"2021-06-21T11:24:39","guid":{"rendered":"https:\/\/schrank.ch\/?page_id=941"},"modified":"2021-06-21T11:24:39","modified_gmt":"2021-06-21T11:24:39","slug":"hemdenregal-mit-6-tablaren","status":"publish","type":"page","link":"https:\/\/sicherung.fubo.ch\/?page_id=941","title":{"rendered":"Hemdenregal mit 6 Tablaren"},"content":{"rendered":"\n<figure class=\"wp-block-image size-large is-resized\"><img loading=\"lazy\" decoding=\"async\" src=\"https:\/\/sicherung.fubo.ch\/wp-content\/uploads\/2021\/06\/DSC_0581.jpg\" alt=\"\" class=\"wp-image-942\" width=\"379\" height=\"481\" srcset=\"https:\/\/sicherung.fubo.ch\/wp-content\/uploads\/2021\/06\/DSC_0581.jpg 768w, https:\/\/sicherung.fubo.ch\/wp-content\/uploads\/2021\/06\/DSC_0581-236x300.jpg 236w, https:\/\/sicherung.fubo.ch\/wp-content\/uploads\/2021\/06\/DSC_0581-47x60.jpg 47w\" sizes=\"auto, (max-width: 379px) 100vw, 379px\" \/><\/figure>\n\n\n\n<p>Erh\u00e4ltlich f\u00fcr folgende Elemente:<\/p>\n\n\n\n<p>Eckelement<\/p>\n\n\n\n<p>F\u00fcr Tiefe 60cm geeignet.<\/p>\n","protected":false},"excerpt":{"rendered":"<p>Erh\u00e4ltlich f\u00fcr folgende Elemente: Eckelement F\u00fcr Tiefe 60cm geeignet.<\/p>\n","protected":false},"author":2,"featured_media":0,"parent":568,"menu_order":0,"comment_status":"closed","ping_status":"closed","template":"","meta":{"spay_email":"","footnotes":""},"class_list":["post-941","page","type-page","status-publish","hentry","latest_post"],"_links":{"self":[{"href":"https:\/\/sicherung.fubo.ch\/index.php?rest_route=\/wp\/v2\/pages\/941","targetHints":{"allow":["GET"]}}],"collection":[{"href":"https:\/\/sicherung.fubo.ch\/index.php?rest_route=\/wp\/v2\/pages"}],"about":[{"href":"https:\/\/sicherung.fubo.ch\/index.php?rest_route=\/wp\/v2\/types\/page"}],"author":[{"embeddable":true,"href":"https:\/\/sicherung.fubo.ch\/index.php?rest_route=\/wp\/v2\/users\/2"}],"replies":[{"embeddable":true,"href":"https:\/\/sicherung.fubo.ch\/index.php?rest_route=%2Fwp%2Fv2%2Fcomments&post=941"}],"version-history":[{"count":1,"href":"https:\/\/sicherung.fubo.ch\/index.php?rest_route=\/wp\/v2\/pages\/941\/revisions"}],"predecessor-version":[{"id":943,"href":"https:\/\/sicherung.fubo.ch\/index.php?rest_route=\/wp\/v2\/pages\/941\/revisions\/943"}],"up":[{"embeddable":true,"href":"https:\/\/sicherung.fubo.ch\/index.php?rest_route=\/wp\/v2\/pages\/568"}],"wp:attachment":[{"href":"https:\/\/sicherung.fubo.ch\/index.php?rest_route=%2Fwp%2Fv2%2Fmedia&parent=941"}],"curies":[{"name":"wp","href":"https:\/\/api.w.org\/{rel}","templated":true}]}}