{"id":402,"date":"2021-06-10T13:00:29","date_gmt":"2021-06-10T13:00:29","guid":{"rendered":"https:\/\/archiv.fubo.ch\/?page_id=402"},"modified":"2021-06-21T09:59:09","modified_gmt":"2021-06-21T09:59:09","slug":"sichtrueckwand","status":"publish","type":"page","link":"https:\/\/sicherung.fubo.ch\/?page_id=402","title":{"rendered":"Sichtr\u00fcckwand"},"content":{"rendered":"\n<p>\u201eDas T\u00fcpfchelchen auf dem i\u201c<\/p>\n\n\n\n<p>Veredelt den Schrank nochmals auf eine ganz weiche Art.<\/p>\n\n\n\n<p>Erh\u00e4ltlich zu allen Dreht\u00fcrenschr\u00e4nken.<\/p>\n\n\n\n<p>Lackiert&nbsp;in allen RAL\/NCS Farben oder furniert nach Auswahl.<\/p>\n\n\n\n<p>Andere auf Anfrage.<\/p>\n","protected":false},"excerpt":{"rendered":"<p>\u201eDas T\u00fcpfchelchen auf dem i\u201c Veredelt den Schrank nochmals auf eine ganz weiche Art. Erh\u00e4ltlich zu allen Dreht\u00fcrenschr\u00e4nken. Lackiert&nbsp;in allen RAL\/NCS Farben oder furniert nach Auswahl. Andere auf Anfrage.<\/p>\n","protected":false},"author":2,"featured_media":403,"parent":386,"menu_order":0,"comment_status":"closed","ping_status":"closed","template":"","meta":{"spay_email":"","footnotes":""},"class_list":["post-402","page","type-page","status-publish","has-post-thumbnail","hentry","latest_post"],"_links":{"self":[{"href":"https:\/\/sicherung.fubo.ch\/index.php?rest_route=\/wp\/v2\/pages\/402","targetHints":{"allow":["GET"]}}],"collection":[{"href":"https:\/\/sicherung.fubo.ch\/index.php?rest_route=\/wp\/v2\/pages"}],"about":[{"href":"https:\/\/sicherung.fubo.ch\/index.php?rest_route=\/wp\/v2\/types\/page"}],"author":[{"embeddable":true,"href":"https:\/\/sicherung.fubo.ch\/index.php?rest_route=\/wp\/v2\/users\/2"}],"replies":[{"embeddable":true,"href":"https:\/\/sicherung.fubo.ch\/index.php?rest_route=%2Fwp%2Fv2%2Fcomments&post=402"}],"version-history":[{"count":2,"href":"https:\/\/sicherung.fubo.ch\/index.php?rest_route=\/wp\/v2\/pages\/402\/revisions"}],"predecessor-version":[{"id":901,"href":"https:\/\/sicherung.fubo.ch\/index.php?rest_route=\/wp\/v2\/pages\/402\/revisions\/901"}],"up":[{"embeddable":true,"href":"https:\/\/sicherung.fubo.ch\/index.php?rest_route=\/wp\/v2\/pages\/386"}],"wp:featuredmedia":[{"embeddable":true,"href":"https:\/\/sicherung.fubo.ch\/index.php?rest_route=\/wp\/v2\/media\/403"}],"wp:attachment":[{"href":"https:\/\/sicherung.fubo.ch\/index.php?rest_route=%2Fwp%2Fv2%2Fmedia&parent=402"}],"curies":[{"name":"wp","href":"https:\/\/api.w.org\/{rel}","templated":true}]}}