{"id":348,"date":"2021-06-10T11:36:29","date_gmt":"2021-06-10T11:36:29","guid":{"rendered":"https:\/\/archiv.fubo.ch\/?page_id=348"},"modified":"2021-06-16T13:16:38","modified_gmt":"2021-06-16T13:16:38","slug":"ceneri","status":"publish","type":"page","link":"https:\/\/sicherung.fubo.ch\/?page_id=348","title":{"rendered":"Ceneri"},"content":{"rendered":"\n<figure class=\"wp-block-gallery columns-2 is-cropped wp-block-gallery-1 is-layout-flex wp-block-gallery-is-layout-flex\"><ul class=\"blocks-gallery-grid\"><li class=\"blocks-gallery-item\"><figure><img loading=\"lazy\" decoding=\"async\" width=\"689\" height=\"430\" src=\"https:\/\/sicherung.fubo.ch\/wp-content\/uploads\/2021\/06\/ceneri_tv-689-x-430.jpg\" alt=\"\" data-id=\"339\" data-full-url=\"https:\/\/sicherung.fubo.ch\/wp-content\/uploads\/2021\/06\/ceneri_tv-689-x-430.jpg\" data-link=\"https:\/\/sicherung.fubo.ch\/ceneri_tv-689-x-430\/\" class=\"wp-image-339\" srcset=\"https:\/\/sicherung.fubo.ch\/wp-content\/uploads\/2021\/06\/ceneri_tv-689-x-430.jpg 689w, https:\/\/sicherung.fubo.ch\/wp-content\/uploads\/2021\/06\/ceneri_tv-689-x-430-300x187.jpg 300w, https:\/\/sicherung.fubo.ch\/wp-content\/uploads\/2021\/06\/ceneri_tv-689-x-430-96x60.jpg 96w\" sizes=\"auto, (max-width: 689px) 100vw, 689px\" \/><\/figure><\/li><li class=\"blocks-gallery-item\"><figure><img loading=\"lazy\" decoding=\"async\" width=\"300\" height=\"200\" src=\"https:\/\/sicherung.fubo.ch\/wp-content\/uploads\/2021\/06\/Ceneri-300x200-1.gif\" alt=\"\" data-id=\"337\" data-full-url=\"https:\/\/sicherung.fubo.ch\/wp-content\/uploads\/2021\/06\/Ceneri-300x200-1.gif\" data-link=\"https:\/\/sicherung.fubo.ch\/ceneri-300x200\/\" class=\"wp-image-337\"\/><\/figure><\/li><\/ul><\/figure>\n\n\n\n<p>Elegant &amp; Modern\u2026 Schwarzglasspiegelfront<\/p>\n\n\n\n<p>Die hier gezeigte Kombination mit der Arbolone Echtholz-Applikation sorgt f\u00fcr aussergew\u00f6hnliche und spannende Ausblicke.<\/p>\n\n\n\n<p>(Anmerkung: TV nicht mehr erh\u00e4ltlich)<\/p>\n\n\n\n<p><strong>Front<\/strong>&nbsp;Monoplaner Schieber, Schwarzspiegel<\/p>\n\n\n\n<p><strong>Korpus<\/strong>&nbsp;In allen RAL und NCS-Farben<\/p>\n\n\n\n<p><strong>Innen<\/strong>&nbsp;Weiss, auf Wunsch farbig<\/p>\n\n\n\n<h3 class=\"wp-block-heading\">Masse<\/h3>\n\n\n\n<figure class=\"wp-block-table\"><table><tbody><tr><td><strong>H\u00f6he<\/strong><\/td><td>bis 242 cm<\/td><\/tr><tr><td><strong>Tiefe<\/strong><\/td><td>bis 65 cm<\/td><\/tr><tr><td><strong>Breite<\/strong><\/td><td>194 cm \/ 242 cm \/ 290 cm<\/td><\/tr><\/tbody><\/table><\/figure>\n\n\n\n<p>Hier geht\u2019s zu unseren Preislisten<\/p>\n\n\n\n<figure class=\"wp-block-image size-medium\"><img loading=\"lazy\" decoding=\"async\" width=\"300\" height=\"121\" src=\"https:\/\/sicherung.fubo.ch\/wp-content\/uploads\/2021\/05\/Preislisten-alle-300x121.png\" alt=\"\" class=\"wp-image-137\" srcset=\"https:\/\/sicherung.fubo.ch\/wp-content\/uploads\/2021\/05\/Preislisten-alle-300x121.png 300w, https:\/\/sicherung.fubo.ch\/wp-content\/uploads\/2021\/05\/Preislisten-alle-148x60.png 148w, https:\/\/sicherung.fubo.ch\/wp-content\/uploads\/2021\/05\/Preislisten-alle.png 675w\" sizes=\"auto, (max-width: 300px) 100vw, 300px\" \/><\/figure>\n","protected":false},"excerpt":{"rendered":"<p>Elegant &amp; Modern\u2026 Schwarzglasspiegelfront Die hier gezeigte Kombination mit der Arbolone Echtholz-Applikation sorgt f\u00fcr aussergew\u00f6hnliche und spannende Ausblicke. (Anmerkung: TV nicht mehr erh\u00e4ltlich) Front&nbsp;Monoplaner Schieber, Schwarzspiegel Korpus&nbsp;In allen RAL und NCS-Farben Innen&nbsp;Weiss, auf Wunsch farbig Masse H\u00f6he bis 242 cm Tiefe bis 65 cm Breite &hellip; <\/p>\n","protected":false},"author":2,"featured_media":338,"parent":325,"menu_order":0,"comment_status":"closed","ping_status":"closed","template":"","meta":{"spay_email":"","footnotes":""},"class_list":["post-348","page","type-page","status-publish","has-post-thumbnail","hentry","latest_post"],"_links":{"self":[{"href":"https:\/\/sicherung.fubo.ch\/index.php?rest_route=\/wp\/v2\/pages\/348","targetHints":{"allow":["GET"]}}],"collection":[{"href":"https:\/\/sicherung.fubo.ch\/index.php?rest_route=\/wp\/v2\/pages"}],"about":[{"href":"https:\/\/sicherung.fubo.ch\/index.php?rest_route=\/wp\/v2\/types\/page"}],"author":[{"embeddable":true,"href":"https:\/\/sicherung.fubo.ch\/index.php?rest_route=\/wp\/v2\/users\/2"}],"replies":[{"embeddable":true,"href":"https:\/\/sicherung.fubo.ch\/index.php?rest_route=%2Fwp%2Fv2%2Fcomments&post=348"}],"version-history":[{"count":2,"href":"https:\/\/sicherung.fubo.ch\/index.php?rest_route=\/wp\/v2\/pages\/348\/revisions"}],"predecessor-version":[{"id":778,"href":"https:\/\/sicherung.fubo.ch\/index.php?rest_route=\/wp\/v2\/pages\/348\/revisions\/778"}],"up":[{"embeddable":true,"href":"https:\/\/sicherung.fubo.ch\/index.php?rest_route=\/wp\/v2\/pages\/325"}],"wp:featuredmedia":[{"embeddable":true,"href":"https:\/\/sicherung.fubo.ch\/index.php?rest_route=\/wp\/v2\/media\/338"}],"wp:attachment":[{"href":"https:\/\/sicherung.fubo.ch\/index.php?rest_route=%2Fwp%2Fv2%2Fmedia&parent=348"}],"curies":[{"name":"wp","href":"https:\/\/api.w.org\/{rel}","templated":true}]}}