{"id":342,"date":"2021-06-10T11:02:34","date_gmt":"2021-06-10T11:02:34","guid":{"rendered":"https:\/\/archiv.fubo.ch\/?page_id=342"},"modified":"2021-06-10T11:02:34","modified_gmt":"2021-06-10T11:02:34","slug":"piotta","status":"publish","type":"page","link":"https:\/\/sicherung.fubo.ch\/?page_id=342","title":{"rendered":"Piotta"},"content":{"rendered":"\n<p>Schlichte Eleganz \u2013 der Piotta \u00fcberzeugt durch sein schn\u00f6rkelloses Design, das sich vielen Wohnsituationen anpasst, ohne an Pr\u00e4senz zu verlieren.<\/p>\n\n\n\n<p><strong>Front<\/strong>&nbsp;Monoplaner Schieber, Kunstharz weiss<\/p>\n\n\n\n<p><strong>Korpus<\/strong>&nbsp;Kunstharz weiss<\/p>\n\n\n\n<p><strong>Innen<\/strong>&nbsp;Weiss<\/p>\n\n\n\n<h3 class=\"wp-block-heading\">Masse<\/h3>\n\n\n\n<figure class=\"wp-block-table\"><table><tbody><tr><td><strong>H\u00f6he<\/strong><\/td><td>bis 242 cm<\/td><\/tr><tr><td><strong>Tiefe<\/strong><\/td><td>bis 65 cm<\/td><\/tr><tr><td><strong>Breite<\/strong><\/td><td>194cm \/ 242cm \/ 290cm<\/td><\/tr><\/tbody><\/table><\/figure>\n\n\n\n<p>Hier geht\u2019s zu unseren Preislisten<\/p>\n\n\n\n<figure class=\"wp-block-image size-medium\"><img loading=\"lazy\" decoding=\"async\" width=\"300\" height=\"121\" src=\"https:\/\/sicherung.fubo.ch\/wp-content\/uploads\/2021\/05\/Preislisten-alle-300x121.png\" alt=\"\" class=\"wp-image-137\" srcset=\"https:\/\/sicherung.fubo.ch\/wp-content\/uploads\/2021\/05\/Preislisten-alle-300x121.png 300w, https:\/\/sicherung.fubo.ch\/wp-content\/uploads\/2021\/05\/Preislisten-alle-148x60.png 148w, https:\/\/sicherung.fubo.ch\/wp-content\/uploads\/2021\/05\/Preislisten-alle.png 675w\" sizes=\"auto, (max-width: 300px) 100vw, 300px\" \/><\/figure>\n","protected":false},"excerpt":{"rendered":"<p>Schlichte Eleganz \u2013 der Piotta \u00fcberzeugt durch sein schn\u00f6rkelloses Design, das sich vielen Wohnsituationen anpasst, ohne an Pr\u00e4senz zu verlieren. Front&nbsp;Monoplaner Schieber, Kunstharz weiss Korpus&nbsp;Kunstharz weiss Innen&nbsp;Weiss Masse H\u00f6he bis 242 cm Tiefe bis 65 cm Breite 194cm \/ 242cm \/ 290cm Hier geht\u2019s zu &hellip; <\/p>\n","protected":false},"author":2,"featured_media":116,"parent":325,"menu_order":0,"comment_status":"closed","ping_status":"closed","template":"","meta":{"spay_email":"","footnotes":""},"class_list":["post-342","page","type-page","status-publish","has-post-thumbnail","hentry","latest_post"],"_links":{"self":[{"href":"https:\/\/sicherung.fubo.ch\/index.php?rest_route=\/wp\/v2\/pages\/342","targetHints":{"allow":["GET"]}}],"collection":[{"href":"https:\/\/sicherung.fubo.ch\/index.php?rest_route=\/wp\/v2\/pages"}],"about":[{"href":"https:\/\/sicherung.fubo.ch\/index.php?rest_route=\/wp\/v2\/types\/page"}],"author":[{"embeddable":true,"href":"https:\/\/sicherung.fubo.ch\/index.php?rest_route=\/wp\/v2\/users\/2"}],"replies":[{"embeddable":true,"href":"https:\/\/sicherung.fubo.ch\/index.php?rest_route=%2Fwp%2Fv2%2Fcomments&post=342"}],"version-history":[{"count":1,"href":"https:\/\/sicherung.fubo.ch\/index.php?rest_route=\/wp\/v2\/pages\/342\/revisions"}],"predecessor-version":[{"id":343,"href":"https:\/\/sicherung.fubo.ch\/index.php?rest_route=\/wp\/v2\/pages\/342\/revisions\/343"}],"up":[{"embeddable":true,"href":"https:\/\/sicherung.fubo.ch\/index.php?rest_route=\/wp\/v2\/pages\/325"}],"wp:featuredmedia":[{"embeddable":true,"href":"https:\/\/sicherung.fubo.ch\/index.php?rest_route=\/wp\/v2\/media\/116"}],"wp:attachment":[{"href":"https:\/\/sicherung.fubo.ch\/index.php?rest_route=%2Fwp%2Fv2%2Fmedia&parent=342"}],"curies":[{"name":"wp","href":"https:\/\/api.w.org\/{rel}","templated":true}]}}