{"id":295,"date":"2021-06-09T09:39:13","date_gmt":"2021-06-09T09:39:13","guid":{"rendered":"https:\/\/archiv.fubo.ch\/?page_id=295"},"modified":"2021-06-09T09:57:23","modified_gmt":"2021-06-09T09:57:23","slug":"carona","status":"publish","type":"page","link":"https:\/\/sicherung.fubo.ch\/?page_id=295","title":{"rendered":"Carona"},"content":{"rendered":"\n<figure class=\"wp-block-gallery columns-1 is-cropped wp-block-gallery-1 is-layout-flex wp-block-gallery-is-layout-flex\"><ul class=\"blocks-gallery-grid\"><li class=\"blocks-gallery-item\"><figure><img loading=\"lazy\" decoding=\"async\" width=\"1024\" height=\"683\" src=\"https:\/\/sicherung.fubo.ch\/wp-content\/uploads\/2021\/06\/Eckschieber-Funktion_still_tmp-1024x683-1.jpeg\" alt=\"\" data-id=\"298\" data-full-url=\"https:\/\/sicherung.fubo.ch\/wp-content\/uploads\/2021\/06\/Eckschieber-Funktion_still_tmp-1024x683-1.jpeg\" data-link=\"https:\/\/sicherung.fubo.ch\/pro\/nach-modell\/schiebtueren\/carona\/eckschieber-funktion_still_tmp-1024x683-1\/\" class=\"wp-image-298\" srcset=\"https:\/\/sicherung.fubo.ch\/wp-content\/uploads\/2021\/06\/Eckschieber-Funktion_still_tmp-1024x683-1.jpeg 1024w, https:\/\/sicherung.fubo.ch\/wp-content\/uploads\/2021\/06\/Eckschieber-Funktion_still_tmp-1024x683-1-300x200.jpeg 300w, https:\/\/sicherung.fubo.ch\/wp-content\/uploads\/2021\/06\/Eckschieber-Funktion_still_tmp-1024x683-1-768x512.jpeg 768w, https:\/\/sicherung.fubo.ch\/wp-content\/uploads\/2021\/06\/Eckschieber-Funktion_still_tmp-1024x683-1-90x60.jpeg 90w\" sizes=\"auto, (max-width: 1024px) 100vw, 1024px\" \/><\/figure><\/li><\/ul><\/figure>\n\n\n\n<p>\u2026 pure Reinheit. F\u00fcr Liebhaber schlichter Eleganz: Eine weisse Kunstharz-Front ist der Inbegriff stilvoller Zur\u00fcckhaltung.<\/p>\n\n\n\n<p><strong>Front<\/strong>&nbsp;Kunstharz weiss<\/p>\n\n\n\n<p><strong>Korpus<\/strong>&nbsp;Kunstharz weiss<\/p>\n\n\n\n<p><strong>Innen<\/strong>&nbsp;Weiss<\/p>\n\n\n\n<h3 class=\"wp-block-heading\">Masse<\/h3>\n\n\n\n<figure class=\"wp-block-table\"><table><tbody><tr><td><strong>H\u00f6he<\/strong><\/td><td>bis 242 cm<\/td><\/tr><tr><td><strong>Tiefe<\/strong><\/td><td>bis 68 cm<\/td><\/tr><tr><td><strong>Breite<\/strong><\/td><td>variabel<\/td><\/tr><\/tbody><\/table><\/figure>\n\n\n\n<p>Hier geht\u2019s zu unseren Preislisten<\/p>\n\n\n\n<figure class=\"wp-block-image size-medium\"><img loading=\"lazy\" decoding=\"async\" width=\"300\" height=\"121\" src=\"https:\/\/sicherung.fubo.ch\/wp-content\/uploads\/2021\/05\/Preislisten-alle-300x121.png\" alt=\"\" class=\"wp-image-137\" srcset=\"https:\/\/sicherung.fubo.ch\/wp-content\/uploads\/2021\/05\/Preislisten-alle-300x121.png 300w, https:\/\/sicherung.fubo.ch\/wp-content\/uploads\/2021\/05\/Preislisten-alle-148x60.png 148w, https:\/\/sicherung.fubo.ch\/wp-content\/uploads\/2021\/05\/Preislisten-alle.png 675w\" sizes=\"auto, (max-width: 300px) 100vw, 300px\" \/><\/figure>\n","protected":false},"excerpt":{"rendered":"<p>\u2026 pure Reinheit. F\u00fcr Liebhaber schlichter Eleganz: Eine weisse Kunstharz-Front ist der Inbegriff stilvoller Zur\u00fcckhaltung. Front&nbsp;Kunstharz weiss Korpus&nbsp;Kunstharz weiss Innen&nbsp;Weiss Masse H\u00f6he bis 242 cm Tiefe bis 68 cm Breite variabel Hier geht\u2019s zu unseren Preislisten<\/p>\n","protected":false},"author":2,"featured_media":296,"parent":293,"menu_order":0,"comment_status":"closed","ping_status":"closed","template":"","meta":{"spay_email":"","footnotes":""},"class_list":["post-295","page","type-page","status-publish","has-post-thumbnail","hentry","latest_post"],"_links":{"self":[{"href":"https:\/\/sicherung.fubo.ch\/index.php?rest_route=\/wp\/v2\/pages\/295","targetHints":{"allow":["GET"]}}],"collection":[{"href":"https:\/\/sicherung.fubo.ch\/index.php?rest_route=\/wp\/v2\/pages"}],"about":[{"href":"https:\/\/sicherung.fubo.ch\/index.php?rest_route=\/wp\/v2\/types\/page"}],"author":[{"embeddable":true,"href":"https:\/\/sicherung.fubo.ch\/index.php?rest_route=\/wp\/v2\/users\/2"}],"replies":[{"embeddable":true,"href":"https:\/\/sicherung.fubo.ch\/index.php?rest_route=%2Fwp%2Fv2%2Fcomments&post=295"}],"version-history":[{"count":3,"href":"https:\/\/sicherung.fubo.ch\/index.php?rest_route=\/wp\/v2\/pages\/295\/revisions"}],"predecessor-version":[{"id":300,"href":"https:\/\/sicherung.fubo.ch\/index.php?rest_route=\/wp\/v2\/pages\/295\/revisions\/300"}],"up":[{"embeddable":true,"href":"https:\/\/sicherung.fubo.ch\/index.php?rest_route=\/wp\/v2\/pages\/293"}],"wp:featuredmedia":[{"embeddable":true,"href":"https:\/\/sicherung.fubo.ch\/index.php?rest_route=\/wp\/v2\/media\/296"}],"wp:attachment":[{"href":"https:\/\/sicherung.fubo.ch\/index.php?rest_route=%2Fwp%2Fv2%2Fmedia&parent=295"}],"curies":[{"name":"wp","href":"https:\/\/api.w.org\/{rel}","templated":true}]}}