{"id":259,"date":"2021-06-09T08:17:43","date_gmt":"2021-06-09T08:17:43","guid":{"rendered":"https:\/\/archiv.fubo.ch\/?page_id=259"},"modified":"2021-06-21T10:20:37","modified_gmt":"2021-06-21T10:20:37","slug":"rio","status":"publish","type":"page","link":"https:\/\/sicherung.fubo.ch\/?page_id=259","title":{"rendered":"Rio"},"content":{"rendered":"\n<figure class=\"wp-block-gallery columns-2 is-cropped wp-block-gallery-1 is-layout-flex wp-block-gallery-is-layout-flex\"><ul class=\"blocks-gallery-grid\"><li class=\"blocks-gallery-item\"><figure><img loading=\"lazy\" decoding=\"async\" width=\"930\" height=\"580\" src=\"https:\/\/sicherung.fubo.ch\/wp-content\/uploads\/2021\/06\/fotoschrank_rio_frau_schirm_konter.jpg\" alt=\"\" data-id=\"261\" data-full-url=\"https:\/\/sicherung.fubo.ch\/wp-content\/uploads\/2021\/06\/fotoschrank_rio_frau_schirm_konter.jpg\" data-link=\"https:\/\/sicherung.fubo.ch\/?attachment_id=261\" class=\"wp-image-261\" srcset=\"https:\/\/sicherung.fubo.ch\/wp-content\/uploads\/2021\/06\/fotoschrank_rio_frau_schirm_konter.jpg 930w, https:\/\/sicherung.fubo.ch\/wp-content\/uploads\/2021\/06\/fotoschrank_rio_frau_schirm_konter-300x187.jpg 300w, https:\/\/sicherung.fubo.ch\/wp-content\/uploads\/2021\/06\/fotoschrank_rio_frau_schirm_konter-768x479.jpg 768w, https:\/\/sicherung.fubo.ch\/wp-content\/uploads\/2021\/06\/fotoschrank_rio_frau_schirm_konter-96x60.jpg 96w\" sizes=\"auto, (max-width: 930px) 100vw, 930px\" \/><\/figure><\/li><li class=\"blocks-gallery-item\"><figure><img loading=\"lazy\" decoding=\"async\" width=\"930\" height=\"580\" src=\"https:\/\/sicherung.fubo.ch\/wp-content\/uploads\/2021\/06\/fotoschrank_rio_mohn.jpg\" alt=\"\" data-id=\"262\" data-full-url=\"https:\/\/sicherung.fubo.ch\/wp-content\/uploads\/2021\/06\/fotoschrank_rio_mohn.jpg\" data-link=\"https:\/\/sicherung.fubo.ch\/?attachment_id=262\" class=\"wp-image-262\" srcset=\"https:\/\/sicherung.fubo.ch\/wp-content\/uploads\/2021\/06\/fotoschrank_rio_mohn.jpg 930w, https:\/\/sicherung.fubo.ch\/wp-content\/uploads\/2021\/06\/fotoschrank_rio_mohn-300x187.jpg 300w, https:\/\/sicherung.fubo.ch\/wp-content\/uploads\/2021\/06\/fotoschrank_rio_mohn-768x479.jpg 768w, https:\/\/sicherung.fubo.ch\/wp-content\/uploads\/2021\/06\/fotoschrank_rio_mohn-96x60.jpg 96w\" sizes=\"auto, (max-width: 930px) 100vw, 930px\" \/><\/figure><\/li><\/ul><\/figure>\n\n\n\n<p>\u2026 formvollendet. Die Essenz aus Form und Farbe: Klare Linien und eine logische Struktur fesseln das Auge und beruhigen die Sinne. Hier ist alles genau am richtigen Platz \u2013 ein sch\u00f6nes Gef\u00fchl.<\/p>\n\n\n\n<p><strong>Front<\/strong>&nbsp;In allen RAL und NCS-Farben<\/p>\n\n\n\n<p><strong>Korpus<\/strong>&nbsp;In allen RAL und NCS-Farben<\/p>\n\n\n\n<p><strong>T\u00fcrbreiten<\/strong>&nbsp;<strong>N<\/strong>&nbsp;50cm,&nbsp;<strong>XS<\/strong>&nbsp;38 cm,&nbsp;<strong>XL<\/strong>&nbsp;74 cm<\/p>\n\n\n\n<h3 class=\"wp-block-heading\">Masse<\/h3>\n\n\n\n<figure class=\"wp-block-table\"><table><tbody><tr><td><strong>H\u00f6he<\/strong><\/td><td>bis 242 cm<\/td><\/tr><tr><td><strong>Tiefe<\/strong><\/td><td>bis 60 cm<\/td><\/tr><tr><td><strong>Breite<\/strong><\/td><td>variabel<\/td><\/tr><\/tbody><\/table><\/figure>\n","protected":false},"excerpt":{"rendered":"<p>\u2026 formvollendet. Die Essenz aus Form und Farbe: Klare Linien und eine logische Struktur fesseln das Auge und beruhigen die Sinne. Hier ist alles genau am richtigen Platz \u2013 ein sch\u00f6nes Gef\u00fchl. Front&nbsp;In allen RAL und NCS-Farben Korpus&nbsp;In allen RAL und NCS-Farben T\u00fcrbreiten&nbsp;N&nbsp;50cm,&nbsp;XS&nbsp;38 cm,&nbsp;XL&nbsp;74 cm &hellip; <\/p>\n","protected":false},"author":2,"featured_media":263,"parent":245,"menu_order":0,"comment_status":"closed","ping_status":"closed","template":"","meta":{"spay_email":"","footnotes":""},"class_list":["post-259","page","type-page","status-publish","has-post-thumbnail","hentry","latest_post"],"_links":{"self":[{"href":"https:\/\/sicherung.fubo.ch\/index.php?rest_route=\/wp\/v2\/pages\/259","targetHints":{"allow":["GET"]}}],"collection":[{"href":"https:\/\/sicherung.fubo.ch\/index.php?rest_route=\/wp\/v2\/pages"}],"about":[{"href":"https:\/\/sicherung.fubo.ch\/index.php?rest_route=\/wp\/v2\/types\/page"}],"author":[{"embeddable":true,"href":"https:\/\/sicherung.fubo.ch\/index.php?rest_route=\/wp\/v2\/users\/2"}],"replies":[{"embeddable":true,"href":"https:\/\/sicherung.fubo.ch\/index.php?rest_route=%2Fwp%2Fv2%2Fcomments&post=259"}],"version-history":[{"count":3,"href":"https:\/\/sicherung.fubo.ch\/index.php?rest_route=\/wp\/v2\/pages\/259\/revisions"}],"predecessor-version":[{"id":910,"href":"https:\/\/sicherung.fubo.ch\/index.php?rest_route=\/wp\/v2\/pages\/259\/revisions\/910"}],"up":[{"embeddable":true,"href":"https:\/\/sicherung.fubo.ch\/index.php?rest_route=\/wp\/v2\/pages\/245"}],"wp:featuredmedia":[{"embeddable":true,"href":"https:\/\/sicherung.fubo.ch\/index.php?rest_route=\/wp\/v2\/media\/263"}],"wp:attachment":[{"href":"https:\/\/sicherung.fubo.ch\/index.php?rest_route=%2Fwp%2Fv2%2Fmedia&parent=259"}],"curies":[{"name":"wp","href":"https:\/\/api.w.org\/{rel}","templated":true}]}}