{"id":240,"date":"2021-06-09T07:22:29","date_gmt":"2021-06-09T07:22:29","guid":{"rendered":"https:\/\/archiv.fubo.ch\/?page_id=240"},"modified":"2021-06-21T10:21:12","modified_gmt":"2021-06-21T10:21:12","slug":"ronco","status":"publish","type":"page","link":"https:\/\/sicherung.fubo.ch\/?page_id=240","title":{"rendered":"Ronco"},"content":{"rendered":"\n<p>Das reine Vergn\u00fcgen: Wenn der erste Blick des Tages auf den Dreht\u00fcren-Schrank Ronco f\u00e4llt, steht einem gelungenen Start nichts mehr im Wege.<\/p>\n\n\n\n<p><strong>Front<\/strong>&nbsp;Mattglas mit Rillen, in allen RAL und NCS-Farben (auf Wunsch ohne Rillen)<\/p>\n\n\n\n<p><strong>Korpus<\/strong>&nbsp;In allen RAL und NCS-Farben<\/p>\n\n\n\n<p><strong>Innen<\/strong>&nbsp;Weiss<\/p>\n\n\n\n<h3 class=\"wp-block-heading\">Masse<\/h3>\n\n\n\n<figure class=\"wp-block-table\"><table><tbody><tr><td><strong>H\u00f6he<\/strong><\/td><td>bis 242 cm<\/td><\/tr><tr><td><strong>Tiefe<\/strong><\/td><td>bis 60 cm<\/td><\/tr><tr><td><strong>Breite<\/strong><\/td><td>variabel<\/td><\/tr><\/tbody><\/table><\/figure>\n","protected":false},"excerpt":{"rendered":"<p>Das reine Vergn\u00fcgen: Wenn der erste Blick des Tages auf den Dreht\u00fcren-Schrank Ronco f\u00e4llt, steht einem gelungenen Start nichts mehr im Wege. Front&nbsp;Mattglas mit Rillen, in allen RAL und NCS-Farben (auf Wunsch ohne Rillen) Korpus&nbsp;In allen RAL und NCS-Farben Innen&nbsp;Weiss Masse H\u00f6he bis 242 cm &hellip; <\/p>\n","protected":false},"author":2,"featured_media":241,"parent":245,"menu_order":0,"comment_status":"closed","ping_status":"closed","template":"","meta":{"spay_email":"","footnotes":""},"class_list":["post-240","page","type-page","status-publish","has-post-thumbnail","hentry","latest_post"],"_links":{"self":[{"href":"https:\/\/sicherung.fubo.ch\/index.php?rest_route=\/wp\/v2\/pages\/240","targetHints":{"allow":["GET"]}}],"collection":[{"href":"https:\/\/sicherung.fubo.ch\/index.php?rest_route=\/wp\/v2\/pages"}],"about":[{"href":"https:\/\/sicherung.fubo.ch\/index.php?rest_route=\/wp\/v2\/types\/page"}],"author":[{"embeddable":true,"href":"https:\/\/sicherung.fubo.ch\/index.php?rest_route=\/wp\/v2\/users\/2"}],"replies":[{"embeddable":true,"href":"https:\/\/sicherung.fubo.ch\/index.php?rest_route=%2Fwp%2Fv2%2Fcomments&post=240"}],"version-history":[{"count":2,"href":"https:\/\/sicherung.fubo.ch\/index.php?rest_route=\/wp\/v2\/pages\/240\/revisions"}],"predecessor-version":[{"id":911,"href":"https:\/\/sicherung.fubo.ch\/index.php?rest_route=\/wp\/v2\/pages\/240\/revisions\/911"}],"up":[{"embeddable":true,"href":"https:\/\/sicherung.fubo.ch\/index.php?rest_route=\/wp\/v2\/pages\/245"}],"wp:featuredmedia":[{"embeddable":true,"href":"https:\/\/sicherung.fubo.ch\/index.php?rest_route=\/wp\/v2\/media\/241"}],"wp:attachment":[{"href":"https:\/\/sicherung.fubo.ch\/index.php?rest_route=%2Fwp%2Fv2%2Fmedia&parent=240"}],"curies":[{"name":"wp","href":"https:\/\/api.w.org\/{rel}","templated":true}]}}