{"id":225,"date":"2021-06-08T12:25:30","date_gmt":"2021-06-08T12:25:30","guid":{"rendered":"https:\/\/archiv.fubo.ch\/?page_id=225"},"modified":"2021-06-21T10:16:32","modified_gmt":"2021-06-21T10:16:32","slug":"isone","status":"publish","type":"page","link":"https:\/\/sicherung.fubo.ch\/?page_id=225","title":{"rendered":"Isone"},"content":{"rendered":"\n<figure class=\"wp-block-gallery columns-2 is-cropped wp-block-gallery-1 is-layout-flex wp-block-gallery-is-layout-flex\"><ul class=\"blocks-gallery-grid\"><li class=\"blocks-gallery-item\"><figure><img loading=\"lazy\" decoding=\"async\" width=\"220\" height=\"145\" src=\"https:\/\/sicherung.fubo.ch\/wp-content\/uploads\/2021\/06\/Isone.jpg\" alt=\"\" data-id=\"222\" data-full-url=\"https:\/\/sicherung.fubo.ch\/wp-content\/uploads\/2021\/06\/Isone.jpg\" data-link=\"https:\/\/sicherung.fubo.ch\/isone\/\" class=\"wp-image-222\" srcset=\"https:\/\/sicherung.fubo.ch\/wp-content\/uploads\/2021\/06\/Isone.jpg 220w, https:\/\/sicherung.fubo.ch\/wp-content\/uploads\/2021\/06\/Isone-91x60.jpg 91w\" sizes=\"auto, (max-width: 220px) 100vw, 220px\" \/><\/figure><\/li><li class=\"blocks-gallery-item\"><figure><img loading=\"lazy\" decoding=\"async\" width=\"220\" height=\"145\" src=\"https:\/\/sicherung.fubo.ch\/wp-content\/uploads\/2021\/06\/isone_matt.jpg\" alt=\"\" data-id=\"221\" data-full-url=\"https:\/\/sicherung.fubo.ch\/wp-content\/uploads\/2021\/06\/isone_matt.jpg\" data-link=\"https:\/\/sicherung.fubo.ch\/isone_matt\/\" class=\"wp-image-221\" srcset=\"https:\/\/sicherung.fubo.ch\/wp-content\/uploads\/2021\/06\/isone_matt.jpg 220w, https:\/\/sicherung.fubo.ch\/wp-content\/uploads\/2021\/06\/isone_matt-91x60.jpg 91w\" sizes=\"auto, (max-width: 220px) 100vw, 220px\" \/><\/figure><\/li><li class=\"blocks-gallery-item\"><figure><img loading=\"lazy\" decoding=\"async\" width=\"689\" height=\"430\" src=\"https:\/\/sicherung.fubo.ch\/wp-content\/uploads\/2021\/06\/fotoschrank_isone_eiffel-689-x-430-1.jpg\" alt=\"\" data-id=\"224\" data-full-url=\"https:\/\/sicherung.fubo.ch\/wp-content\/uploads\/2021\/06\/fotoschrank_isone_eiffel-689-x-430-1.jpg\" data-link=\"https:\/\/sicherung.fubo.ch\/fotoschrank_isone_eiffel-689-x-430-1\/\" class=\"wp-image-224\" srcset=\"https:\/\/sicherung.fubo.ch\/wp-content\/uploads\/2021\/06\/fotoschrank_isone_eiffel-689-x-430-1.jpg 689w, https:\/\/sicherung.fubo.ch\/wp-content\/uploads\/2021\/06\/fotoschrank_isone_eiffel-689-x-430-1-300x187.jpg 300w, https:\/\/sicherung.fubo.ch\/wp-content\/uploads\/2021\/06\/fotoschrank_isone_eiffel-689-x-430-1-96x60.jpg 96w\" sizes=\"auto, (max-width: 689px) 100vw, 689px\" \/><\/figure><\/li><\/ul><\/figure>\n\n\n\n<p>Schlicht und ergreifend \u2026 sch\u00f6n! Beim Glas f\u00fcr die Fronten k\u00f6nnen Sie zwischen der matten und der gl\u00e4nzenden Ausf\u00fchrung w\u00e4hlen. Ein Tipp f\u00fcr die Gestaltung: Mixen Sie doch einfach unterschiedliche T\u00fcrbreiten \u2013 Sie werden staunen, welche aufregenden Ansichten so entstehen.<\/p>\n\n\n\n<p><strong>Front<\/strong>&nbsp;Glas in allen RAL und NCS-Farben&nbsp;<strong>Korpus<\/strong>&nbsp;In allen RAL und NCS-Farben&nbsp;<strong>Innen<\/strong>&nbsp;Weiss<\/p>\n\n\n\n<p><strong>T\u00fcrbreiten<\/strong>&nbsp;<strong>N<\/strong>&nbsp;50cm,&nbsp;<strong>XS<\/strong>&nbsp;38 cm,&nbsp;<strong>XL<\/strong>&nbsp;74 cm<\/p>\n\n\n\n<h3 class=\"wp-block-heading\">Masse<\/h3>\n\n\n\n<figure class=\"wp-block-table\"><table><tbody><tr><td><strong>H\u00f6he<\/strong><\/td><td>bis 242 cm<\/td><\/tr><tr><td><strong>Tiefe<\/strong><\/td><td>bis 60 cm<\/td><\/tr><tr><td><strong>Breite<\/strong><\/td><td>variabel<\/td><\/tr><\/tbody><\/table><\/figure>\n","protected":false},"excerpt":{"rendered":"<p>Schlicht und ergreifend \u2026 sch\u00f6n! Beim Glas f\u00fcr die Fronten k\u00f6nnen Sie zwischen der matten und der gl\u00e4nzenden Ausf\u00fchrung w\u00e4hlen. Ein Tipp f\u00fcr die Gestaltung: Mixen Sie doch einfach unterschiedliche T\u00fcrbreiten \u2013 Sie werden staunen, welche aufregenden Ansichten so entstehen. Front&nbsp;Glas in allen RAL und &hellip; <\/p>\n","protected":false},"author":2,"featured_media":0,"parent":245,"menu_order":0,"comment_status":"closed","ping_status":"closed","template":"","meta":{"spay_email":"","footnotes":""},"class_list":["post-225","page","type-page","status-publish","hentry","latest_post"],"_links":{"self":[{"href":"https:\/\/sicherung.fubo.ch\/index.php?rest_route=\/wp\/v2\/pages\/225","targetHints":{"allow":["GET"]}}],"collection":[{"href":"https:\/\/sicherung.fubo.ch\/index.php?rest_route=\/wp\/v2\/pages"}],"about":[{"href":"https:\/\/sicherung.fubo.ch\/index.php?rest_route=\/wp\/v2\/types\/page"}],"author":[{"embeddable":true,"href":"https:\/\/sicherung.fubo.ch\/index.php?rest_route=\/wp\/v2\/users\/2"}],"replies":[{"embeddable":true,"href":"https:\/\/sicherung.fubo.ch\/index.php?rest_route=%2Fwp%2Fv2%2Fcomments&post=225"}],"version-history":[{"count":4,"href":"https:\/\/sicherung.fubo.ch\/index.php?rest_route=\/wp\/v2\/pages\/225\/revisions"}],"predecessor-version":[{"id":907,"href":"https:\/\/sicherung.fubo.ch\/index.php?rest_route=\/wp\/v2\/pages\/225\/revisions\/907"}],"up":[{"embeddable":true,"href":"https:\/\/sicherung.fubo.ch\/index.php?rest_route=\/wp\/v2\/pages\/245"}],"wp:attachment":[{"href":"https:\/\/sicherung.fubo.ch\/index.php?rest_route=%2Fwp%2Fv2%2Fmedia&parent=225"}],"curies":[{"name":"wp","href":"https:\/\/api.w.org\/{rel}","templated":true}]}}