{"id":217,"date":"2021-06-09T07:07:45","date_gmt":"2021-06-09T07:07:45","guid":{"rendered":"https:\/\/archiv.fubo.ch\/?page_id=217"},"modified":"2021-06-21T10:17:12","modified_gmt":"2021-06-21T10:17:12","slug":"lsone","status":"publish","type":"page","link":"https:\/\/sicherung.fubo.ch\/?page_id=217","title":{"rendered":"Losone"},"content":{"rendered":"\n<figure class=\"wp-block-gallery columns-2 is-cropped wp-block-gallery-1 is-layout-flex wp-block-gallery-is-layout-flex\"><ul class=\"blocks-gallery-grid\"><li class=\"blocks-gallery-item\"><figure><img loading=\"lazy\" decoding=\"async\" width=\"539\" height=\"360\" src=\"https:\/\/sicherung.fubo.ch\/wp-content\/uploads\/2021\/06\/Losone_color.jpg\" alt=\"\" data-id=\"218\" data-link=\"https:\/\/sicherung.fubo.ch\/?attachment_id=218\" class=\"wp-image-218\" srcset=\"https:\/\/sicherung.fubo.ch\/wp-content\/uploads\/2021\/06\/Losone_color.jpg 539w, https:\/\/sicherung.fubo.ch\/wp-content\/uploads\/2021\/06\/Losone_color-300x200.jpg 300w, https:\/\/sicherung.fubo.ch\/wp-content\/uploads\/2021\/06\/Losone_color-90x60.jpg 90w\" sizes=\"auto, (max-width: 539px) 100vw, 539px\" \/><\/figure><\/li><li class=\"blocks-gallery-item\"><figure><img loading=\"lazy\" decoding=\"async\" width=\"930\" height=\"580\" src=\"https:\/\/sicherung.fubo.ch\/wp-content\/uploads\/2021\/06\/losone_xs-1.jpg\" alt=\"\" data-id=\"236\" data-full-url=\"https:\/\/sicherung.fubo.ch\/wp-content\/uploads\/2021\/06\/losone_xs-1.jpg\" data-link=\"https:\/\/sicherung.fubo.ch\/?attachment_id=236\" class=\"wp-image-236\" srcset=\"https:\/\/sicherung.fubo.ch\/wp-content\/uploads\/2021\/06\/losone_xs-1.jpg 930w, https:\/\/sicherung.fubo.ch\/wp-content\/uploads\/2021\/06\/losone_xs-1-300x187.jpg 300w, https:\/\/sicherung.fubo.ch\/wp-content\/uploads\/2021\/06\/losone_xs-1-768x479.jpg 768w, https:\/\/sicherung.fubo.ch\/wp-content\/uploads\/2021\/06\/losone_xs-1-96x60.jpg 96w\" sizes=\"auto, (max-width: 930px) 100vw, 930px\" \/><\/figure><\/li><\/ul><\/figure>\n\n\n\n<p>Der Losone \u00fcberzeugt durch klare Formen und sein selbstbewusstes Standing. W\u00e4hlen Sie die Version mit oder ohne Alukanten \u2026ganz wie es Ihnen gef\u00e4llt.<\/p>\n\n\n\n<p><strong>Front<\/strong>&nbsp;Glas in allen RAL und NCS-Farben<\/p>\n\n\n\n<p><strong>Korpus<\/strong>&nbsp;In allen RAL und NCS-Farben<\/p>\n\n\n\n<p><strong>Innen<\/strong>&nbsp;Weiss<\/p>\n\n\n\n<p><strong>T\u00fcrbreiten<\/strong>&nbsp;<strong>N<\/strong>&nbsp;50cm,&nbsp;<strong>XS<\/strong>&nbsp;38 cm,&nbsp;<strong>XL<\/strong>&nbsp;74 cm<\/p>\n\n\n\n<p>Masse<\/p>\n\n\n\n<figure class=\"wp-block-table\"><table><tbody><tr><td><strong>H\u00f6he<\/strong><\/td><td>bis 242 cm<\/td><\/tr><tr><td><strong>Tiefe<\/strong><\/td><td>bis 60 cm<\/td><\/tr><tr><td><strong>Breite<\/strong><\/td><td>variabel<\/td><\/tr><\/tbody><\/table><\/figure>\n","protected":false},"excerpt":{"rendered":"<p>Der Losone \u00fcberzeugt durch klare Formen und sein selbstbewusstes Standing. W\u00e4hlen Sie die Version mit oder ohne Alukanten \u2026ganz wie es Ihnen gef\u00e4llt. Front&nbsp;Glas in allen RAL und NCS-Farben Korpus&nbsp;In allen RAL und NCS-Farben Innen&nbsp;Weiss T\u00fcrbreiten&nbsp;N&nbsp;50cm,&nbsp;XS&nbsp;38 cm,&nbsp;XL&nbsp;74 cm Masse H\u00f6he bis 242 cm Tiefe bis &hellip; <\/p>\n","protected":false},"author":2,"featured_media":237,"parent":245,"menu_order":0,"comment_status":"closed","ping_status":"closed","template":"","meta":{"spay_email":"","footnotes":""},"class_list":["post-217","page","type-page","status-publish","has-post-thumbnail","hentry","latest_post"],"_links":{"self":[{"href":"https:\/\/sicherung.fubo.ch\/index.php?rest_route=\/wp\/v2\/pages\/217","targetHints":{"allow":["GET"]}}],"collection":[{"href":"https:\/\/sicherung.fubo.ch\/index.php?rest_route=\/wp\/v2\/pages"}],"about":[{"href":"https:\/\/sicherung.fubo.ch\/index.php?rest_route=\/wp\/v2\/types\/page"}],"author":[{"embeddable":true,"href":"https:\/\/sicherung.fubo.ch\/index.php?rest_route=\/wp\/v2\/users\/2"}],"replies":[{"embeddable":true,"href":"https:\/\/sicherung.fubo.ch\/index.php?rest_route=%2Fwp%2Fv2%2Fcomments&post=217"}],"version-history":[{"count":4,"href":"https:\/\/sicherung.fubo.ch\/index.php?rest_route=\/wp\/v2\/pages\/217\/revisions"}],"predecessor-version":[{"id":908,"href":"https:\/\/sicherung.fubo.ch\/index.php?rest_route=\/wp\/v2\/pages\/217\/revisions\/908"}],"up":[{"embeddable":true,"href":"https:\/\/sicherung.fubo.ch\/index.php?rest_route=\/wp\/v2\/pages\/245"}],"wp:featuredmedia":[{"embeddable":true,"href":"https:\/\/sicherung.fubo.ch\/index.php?rest_route=\/wp\/v2\/media\/237"}],"wp:attachment":[{"href":"https:\/\/sicherung.fubo.ch\/index.php?rest_route=%2Fwp%2Fv2%2Fmedia&parent=217"}],"curies":[{"name":"wp","href":"https:\/\/api.w.org\/{rel}","templated":true}]}}