{"id":214,"date":"2021-06-08T12:04:43","date_gmt":"2021-06-08T12:04:43","guid":{"rendered":"https:\/\/archiv.fubo.ch\/?page_id=214"},"modified":"2021-06-21T10:15:21","modified_gmt":"2021-06-21T10:15:21","slug":"como","status":"publish","type":"page","link":"https:\/\/sicherung.fubo.ch\/?page_id=214","title":{"rendered":"Como"},"content":{"rendered":"\n<figure class=\"wp-block-gallery columns-2 is-cropped wp-block-gallery-1 is-layout-flex wp-block-gallery-is-layout-flex\"><ul class=\"blocks-gallery-grid\"><li class=\"blocks-gallery-item\"><figure><img loading=\"lazy\" decoding=\"async\" width=\"300\" height=\"213\" src=\"https:\/\/sicherung.fubo.ch\/wp-content\/uploads\/2021\/06\/como_2010-480x340-1-300x213.jpg\" alt=\"\" data-id=\"215\" data-full-url=\"https:\/\/sicherung.fubo.ch\/wp-content\/uploads\/2021\/06\/como_2010-480x340-1.jpg\" data-link=\"https:\/\/sicherung.fubo.ch\/?attachment_id=215\" class=\"wp-image-215\" srcset=\"https:\/\/sicherung.fubo.ch\/wp-content\/uploads\/2021\/06\/como_2010-480x340-1-300x213.jpg 300w, https:\/\/sicherung.fubo.ch\/wp-content\/uploads\/2021\/06\/como_2010-480x340-1-85x60.jpg 85w, https:\/\/sicherung.fubo.ch\/wp-content\/uploads\/2021\/06\/como_2010-480x340-1.jpg 480w\" sizes=\"auto, (max-width: 300px) 100vw, 300px\" \/><\/figure><\/li><li class=\"blocks-gallery-item\"><figure><img loading=\"lazy\" decoding=\"async\" width=\"1024\" height=\"965\" src=\"https:\/\/sicherung.fubo.ch\/wp-content\/uploads\/2021\/05\/Como-1-1024x965-1.jpg\" alt=\"\" data-id=\"95\" data-full-url=\"https:\/\/sicherung.fubo.ch\/wp-content\/uploads\/2021\/05\/Como-1-1024x965-1.jpg\" data-link=\"https:\/\/sicherung.fubo.ch\/como-1-1024x965\/\" class=\"wp-image-95\" srcset=\"https:\/\/sicherung.fubo.ch\/wp-content\/uploads\/2021\/05\/Como-1-1024x965-1.jpg 1024w, https:\/\/sicherung.fubo.ch\/wp-content\/uploads\/2021\/05\/Como-1-1024x965-1-300x283.jpg 300w, https:\/\/sicherung.fubo.ch\/wp-content\/uploads\/2021\/05\/Como-1-1024x965-1-768x724.jpg 768w, https:\/\/sicherung.fubo.ch\/wp-content\/uploads\/2021\/05\/Como-1-1024x965-1-64x60.jpg 64w\" sizes=\"auto, (max-width: 1024px) 100vw, 1024px\" \/><\/figure><\/li><\/ul><\/figure>\n\n\n\n<p>Klassisch sch\u00f6n: Beim Anblick einer solchen Schrankfront schlagen die Herzen aller Romantiker h\u00f6her.<\/p>\n\n\n\n<p><strong>Front<\/strong>&nbsp;Kassettent\u00fcren, in allen RAL und NCS-Farben<\/p>\n\n\n\n<p><strong>Korpus<\/strong>&nbsp;In allen RAL und NCS-Farben<\/p>\n\n\n\n<p><strong>Innen<\/strong>&nbsp;Weiss<\/p>\n\n\n\n<h3 class=\"wp-block-heading\">Masse<\/h3>\n\n\n\n<figure class=\"wp-block-table\"><table><tbody><tr><td><strong>H\u00f6he<\/strong><\/td><td>226 cm \/ 242 cm<\/td><\/tr><tr><td><strong>Tiefe<\/strong><\/td><td>bis 60 cm<\/td><\/tr><\/tbody><\/table><\/figure>\n","protected":false},"excerpt":{"rendered":"<p>Klassisch sch\u00f6n: Beim Anblick einer solchen Schrankfront schlagen die Herzen aller Romantiker h\u00f6her. Front&nbsp;Kassettent\u00fcren, in allen RAL und NCS-Farben Korpus&nbsp;In allen RAL und NCS-Farben Innen&nbsp;Weiss Masse H\u00f6he 226 cm \/ 242 cm Tiefe bis 60 cm<\/p>\n","protected":false},"author":2,"featured_media":0,"parent":245,"menu_order":0,"comment_status":"closed","ping_status":"closed","template":"","meta":{"spay_email":"","footnotes":""},"class_list":["post-214","page","type-page","status-publish","hentry","latest_post"],"_links":{"self":[{"href":"https:\/\/sicherung.fubo.ch\/index.php?rest_route=\/wp\/v2\/pages\/214","targetHints":{"allow":["GET"]}}],"collection":[{"href":"https:\/\/sicherung.fubo.ch\/index.php?rest_route=\/wp\/v2\/pages"}],"about":[{"href":"https:\/\/sicherung.fubo.ch\/index.php?rest_route=\/wp\/v2\/types\/page"}],"author":[{"embeddable":true,"href":"https:\/\/sicherung.fubo.ch\/index.php?rest_route=\/wp\/v2\/users\/2"}],"replies":[{"embeddable":true,"href":"https:\/\/sicherung.fubo.ch\/index.php?rest_route=%2Fwp%2Fv2%2Fcomments&post=214"}],"version-history":[{"count":2,"href":"https:\/\/sicherung.fubo.ch\/index.php?rest_route=\/wp\/v2\/pages\/214\/revisions"}],"predecessor-version":[{"id":905,"href":"https:\/\/sicherung.fubo.ch\/index.php?rest_route=\/wp\/v2\/pages\/214\/revisions\/905"}],"up":[{"embeddable":true,"href":"https:\/\/sicherung.fubo.ch\/index.php?rest_route=\/wp\/v2\/pages\/245"}],"wp:attachment":[{"href":"https:\/\/sicherung.fubo.ch\/index.php?rest_route=%2Fwp%2Fv2%2Fmedia&parent=214"}],"curies":[{"name":"wp","href":"https:\/\/api.w.org\/{rel}","templated":true}]}}